{"id":70777,"date":"2021-11-23T12:25:38","date_gmt":"2021-11-23T12:25:38","guid":{"rendered":"https:\/\/magnetarheat.com\/?page_id=70777"},"modified":"2025-04-22T10:02:35","modified_gmt":"2025-04-22T10:02:35","slug":"faq","status":"publish","type":"page","link":"https:\/\/magnetarheat.com\/de\/faq\/","title":{"rendered":"FAQ"},"content":{"rendered":"\n<h2 class=\"wp-block-heading\">Produkt<\/h2>\n\n\n\n<div class=\"wp-block-trader-accordion wp-block-accordion-container\"><div class=\"wp-block-accordion-heading-container\"><h4>Magnetar Heat vs. Winterjacke<\/h4><div class=\"wp-block-accordion-toggle-element\"><\/div><\/div><div class=\"wp-block-accordion-inner-container\">\n<p>Der Vorteil einer Magnetar Heat Jacke ist, dass sie leicht ist und viel Bewegungsfreiheit bietet \u2013 insbesondere im Vergleich zu einer dicken, gef\u00fctterten Winterjacke. Eine normale Winterjacke isoliert lediglich die von deinem K\u00f6rper erzeugte W\u00e4rme. Ein Produkt von Magnetar Heat hingegen erzeugt aktiv W\u00e4rme, sodass du das gleiche warme Gef\u00fchl genie\u00dfen kannst, ohne auf Flexibilit\u00e4t verzichten zu m\u00fcssen.<\/p>\n<\/div><\/div>\n\n\n\n<div class=\"wp-block-trader-accordion wp-block-accordion-container\"><div class=\"wp-block-accordion-heading-container\"><h4>Wie lange h\u00e4lt die Jacke mich warm?<\/h4><div class=\"wp-block-accordion-toggle-element\"><\/div><\/div><div class=\"wp-block-accordion-inner-container\">\n<p>Unsere Produkte bleiben auf der h\u00f6chsten Heizstufe bis zu 5 Stunden warm. Auf einer niedrigeren Stufe betr\u00e4gt die Heizdauer unter idealen Bedingungen bis zu 10 Stunden. Dies variiert je nach Produkttyp, da nicht alle Modelle gleich viele Heizelemente enthalten.<\/p>\n<\/div><\/div>\n\n\n\n<div class=\"wp-block-trader-accordion wp-block-accordion-container\"><div class=\"wp-block-accordion-heading-container\"><h4>Sp\u00fcrt man die Heizelemente und die Powerbank?<\/h4><div class=\"wp-block-accordion-toggle-element\"><\/div><\/div><div class=\"wp-block-accordion-inner-container\">\n<p>Nein, die Powerbank ist sehr leicht. Die Heizelemente sind extrem d\u00fcnn, sodass man sie beim Tragen kaum sp\u00fcrt.<\/p>\n<\/div><\/div>\n\n\n\n<div class=\"wp-block-trader-accordion wp-block-accordion-container\"><div class=\"wp-block-accordion-heading-container\"><h4>Was bedeuten die orangefarbenen Fl\u00e4chen auf den Produktfotos?<\/h4><div class=\"wp-block-accordion-toggle-element\"><\/div><\/div><div class=\"wp-block-accordion-inner-container\">\n<p>Diese Fl\u00e4chen zeigen an, an welchen Stellen die Produkte beheizt werden. Die Produkte selbst verf\u00e4rben sich beim Heizen jedoch nicht orange.<\/p>\n<\/div><\/div>\n\n\n\n<h2 class=\"wp-block-heading\">Sicherheit<\/h2>\n\n\n\n<div class=\"wp-block-trader-accordion wp-block-accordion-container\"><div class=\"wp-block-accordion-heading-container\"><h4><strong>Sind die Produkte sicher in der Anwendung?<\/strong><\/h4><div class=\"wp-block-accordion-toggle-element\"><\/div><\/div><div class=\"wp-block-accordion-inner-container\">\n<p>Ja, die Produkte verf\u00fcgen \u00fcber eine CE-Kennzeichnung. Das bedeutet, dass alle Magnetar Heat Produkte gem\u00e4\u00df den europ\u00e4ischen Richtlinien gepr\u00fcft und getestet wurden. Unsere Produkte wurden umfangreich auf ihre Sicherheit getestet, um diese Zertifizierung zu erhalten. Zudem enthalten unsere Produkte einen Sensor, der sicherstellt, dass die Heizelemente niemals eine Temperatur von 60 Grad Celsius \u00fcberschreiten.<\/p>\n<\/div><\/div>\n\n\n\n<div class=\"wp-block-trader-accordion wp-block-accordion-container\"><div class=\"wp-block-accordion-heading-container\"><h4>Welche Sicherheitsaspekte wurden bei den Produkten ber\u00fccksichtigt?<\/h4><div class=\"wp-block-accordion-toggle-element\"><\/div><\/div><div class=\"wp-block-accordion-inner-container\">\n<p>Produkte, die innerhalb der Europ\u00e4ischen Union auf den Markt gebracht werden, m\u00fcssen eine CE-Kennzeichnung tragen. Diese Kennzeichnung best\u00e4tigt, dass das Produkt die gesetzlichen Anforderungen in Bezug auf Sicherheit, Gesundheit und Umweltschutz erf\u00fcllt. Es liegt in der Verantwortung des Herstellers, sicherzustellen, dass ein Produkt diesen Anforderungen entspricht. Basierend auf der Zusammensetzung und dem Funktionsprinzip werden unsere Produkte gem\u00e4\u00df der Niederspannungsrichtlinie und der EMV-Richtlinie als elektrische Betriebsmittel und elektrische Ger\u00e4te eingestuft. Die Produkte von Magnetar erf\u00fcllen folgende Normen und Richtlinien:<br><br><strong>CE-Kennzeichnung<\/strong><\/p>\n\n\n\n<p><strong>EMV-Richtlinie<\/strong><\/p>\n\n\n\n<p><strong>Richtlinie zur Beschr\u00e4nkung gef\u00e4hrlicher Stoffe (2011\/65\/EU) \u2013 RoHS-Konformit\u00e4t<\/strong><\/p>\n\n\n\n<p><strong>WEEE-Richtlinie (2012\/19\/EU)<\/strong><\/p>\n\n\n\n<p><strong>Richtlinie \u00fcber die allgemeine Produktsicherheit (2001\/95\/EG)<\/strong><\/p>\n<\/div><\/div>\n\n\n\n<div class=\"wp-block-trader-accordion wp-block-accordion-container\"><div class=\"wp-block-accordion-heading-container\"><h4>Ist die Nutzung bei Regen gef\u00e4hrlich?<\/h4><div class=\"wp-block-accordion-toggle-element\"><\/div><\/div><div class=\"wp-block-accordion-inner-container\">\n<p>Nein, bei Regen ist es wichtig, dass die Powerbank trocken bleibt. Bei leichtem Regen k\u00f6nnen unsere Produkte problemlos verwendet werden. Ist das Produkt jedoch vollst\u00e4ndig durchn\u00e4sst, darf es nicht eingeschaltet werden.<\/p>\n\n\n\n<p>Die Produkte von Magnetar verwenden eine 7,4-Volt-Powerbank. Diese Powerbanks sind nicht stark genug, um einen sp\u00fcrbaren Stromschlag zu verursachen. Unsere Produkte fallen unter Niederspannung. Erst ab einer Spannung von 36 Volt kann ein Stromschlag tats\u00e4chlich sp\u00fcrbar werden.<\/p>\n<\/div><\/div>\n\n\n\n<h2 class=\"wp-block-heading\">Powerbank<\/h2>\n\n\n\n<div class=\"wp-block-trader-accordion wp-block-accordion-container\"><div class=\"wp-block-accordion-heading-container\"><h4><strong>K\u00f6nnen die Powerbanks separat gekauft werden, um defekte zu ersetzen?<\/strong><\/h4><div class=\"wp-block-accordion-toggle-element\"><\/div><\/div><div class=\"wp-block-accordion-inner-container\">\n<p>Ja, die Powerbanks k\u00f6nnen separat bestellt werden. <a href=\"https:\/\/magnetarheat.com\/de\/produkt\/leistungsstarke-13000-mah-powerbank-akku-7-4v-geeignet-fuer-alle-magnetar-heat-produkte-und-beheizbare-bekleidung-bietet-bis-zu-10-stunden-waerme\/\">Powerbank ansehen<\/a><\/p>\n<\/div><\/div>\n\n\n\n<div class=\"wp-block-trader-accordion wp-block-accordion-container\"><div class=\"wp-block-accordion-heading-container\"><h4>Wie lange dauert es, die Powerbank aufzuladen?<\/h4><div class=\"wp-block-accordion-toggle-element\"><\/div><\/div><div class=\"wp-block-accordion-inner-container\">\n<p>Das Aufladen der Powerbank dauert 5 Stunden.<\/p>\n<\/div><\/div>\n\n\n\n<div class=\"wp-block-trader-accordion wp-block-accordion-container\"><div class=\"wp-block-accordion-heading-container\"><h4><strong>Kann ich die Powerbank jederzeit aufladen, auch wenn sie noch relativ voll ist?<\/strong><\/h4><div class=\"wp-block-accordion-toggle-element\"><\/div><\/div><div class=\"wp-block-accordion-inner-container\">\n<p>Ja, das ist bei unserer Powerbank \u00fcberhaupt kein Problem.<\/p>\n<\/div><\/div>\n\n\n\n<h2 class=\"wp-block-heading\">Nachhaltigkeit<\/h2>\n\n\n\n<div class=\"wp-block-trader-accordion wp-block-accordion-container\"><div class=\"wp-block-accordion-heading-container\"><h4><strong>Habe ich Garantie auf mein Produkt von Magnetar Heat?<\/strong><\/h4><div class=\"wp-block-accordion-toggle-element\"><\/div><\/div><div class=\"wp-block-accordion-inner-container\">\n<p>Ja, auf jeden Fall! Wir bieten auf alle unsere Produkte eine Garantie von 1 Jahr \u2013 selbst bei t\u00e4glicher, intensiver Nutzung. Sollte ein Artikel innerhalb eines Jahres kaputtgehen, erstatten wir dir den vollen Kaufbetrag.<\/p>\n<\/div><\/div>\n\n\n\n<div class=\"wp-block-trader-accordion wp-block-accordion-container\"><div class=\"wp-block-accordion-heading-container\"><h4><strong>Wie kann ich die Produkte reinigen?<\/strong><\/h4><div class=\"wp-block-accordion-toggle-element\"><\/div><\/div><div class=\"wp-block-accordion-inner-container\">\n<p>Unsere Produkte k\u00f6nnen wie folgt gereinigt werden:<br><br><strong>Schritt 1:<\/strong> Entferne die Powerbank aus dem Kleidungsst\u00fcck.<br><strong>Schritt 2:<\/strong> Stecke das Kabel zur\u00fcck in die Innentasche und bringe die Schutzkappe an.<br><strong>Schritt 3:<\/strong> Schlie\u00dfe den Rei\u00dfverschluss.<br><strong>Schritt 4:<\/strong> Wasche das Kleidungsst\u00fcck in der Waschmaschine bei maximal 40 Grad Celsius. Kein Bleichmittel verwenden, nicht chemisch reinigen und nicht auswringen.<br><strong>Schritt 5:<\/strong> An der Leine im Schatten trocknen oder im W\u00e4schetrockner bei niedriger Temperatur. Nicht b\u00fcgeln.<\/p>\n<\/div><\/div>\n\n\n\n<div class=\"wp-block-trader-accordion wp-block-accordion-container\"><div class=\"wp-block-accordion-heading-container\"><h4><strong>K\u00f6nnen die Produkte durch die Heizelemente verf\u00e4rben?<\/strong><\/h4><div class=\"wp-block-accordion-toggle-element\"><\/div><\/div><div class=\"wp-block-accordion-inner-container\">\n<p>Die Produkte von Magnetar verf\u00e4rben sich nicht durch die Heizelemente. Eine Verf\u00e4rbung kann jedoch auftreten, wenn das Produkt \u00fcber einen l\u00e4ngeren Zeitraum direktem Sonnenlicht ausgesetzt wird.<\/p>\n<\/div><\/div>\n\n\n\n<div class=\"wp-block-trader-accordion wp-block-accordion-container\"><div class=\"wp-block-accordion-heading-container\"><h4>Ist die Elektronik anf\u00e4llig f\u00fcr st\u00e4ndige Bewegung?<\/h4><div class=\"wp-block-accordion-toggle-element\"><\/div><\/div><div class=\"wp-block-accordion-inner-container\">\n<p>Nein, unsere Produkte k\u00f6nnen sogar in die Waschmaschine gesteckt werden.<\/p>\n<\/div><\/div>\n\n\n\n<h2 class=\"wp-block-heading\">Service<\/h2>\n\n\n\n<div class=\"wp-block-trader-accordion wp-block-accordion-container\"><div class=\"wp-block-accordion-heading-container\"><h4>Wie lange sind die Lieferzeiten f\u00fcr Ihre Produkte?<\/h4><div class=\"wp-block-accordion-toggle-element\"><\/div><\/div><div class=\"wp-block-accordion-inner-container\">\n<p>Wenn Sie ein Produkt bei uns vor 23:00 Uhr bestellen, wird es am selben Werktag versanden.<\/p>\n<\/div><\/div>\n\n\n\n<div class=\"wp-block-trader-accordion wp-block-accordion-container\"><div class=\"wp-block-accordion-heading-container\"><h4>\u00dcber welches Transportunternehmen erfolgt der Versand?<\/h4><div class=\"wp-block-accordion-toggle-element\"><\/div><\/div><div class=\"wp-block-accordion-inner-container\">\n<p>Alle unsere Bestellungen werden \u00fcber DHL verschickt. Mit jeder Bestellung erhalten Sie automatisch einen Track-and-Trace-Code, um das Paket zu verfolgen.<\/p>\n<\/div><\/div>\n\n\n\n<div class=\"wp-block-trader-accordion wp-block-accordion-container\"><div class=\"wp-block-accordion-heading-container\"><h4>Hoe retourneer ik een artikel?<\/h4><div class=\"wp-block-accordion-toggle-element\"><\/div><\/div><div class=\"wp-block-accordion-inner-container\">\n<p>Hast du ein Produkt bestellt, das doch nicht deinen Erwartungen entspricht? Dann hast du die M\u00f6glichkeit, dieses <strong>unbenutzt<\/strong> innerhalb von <strong>14 Tagen<\/strong> nach Erhalt ohne Angabe von Gr\u00fcnden zur\u00fcckzusenden. Bitte lege der R\u00fccksendung die Bestellbest\u00e4tigung bei \u2013 eine Kopie ist ebenfalls ausreichend. Wir erstatten den vollst\u00e4ndigen Kaufbetrag innerhalb von 10 Tagen nach Eingang der R\u00fccksendung, sofern die oben genannten Bedingungen erf\u00fcllt sind. Die R\u00fccksendung kann an folgende Adresse erfolgen:<\/p>\n\n\n\n<p>RETOURE AA NL\/ Roosendaal<br>Magnetar Retouren<br>Hoeschstr. 950<br>46284 Dorsten<br>Deutschland<\/p>\n\n\n\n<p><\/p>\n\n\n\n<p>Die Kosten f\u00fcr die R\u00fccksendung eines Artikels an uns tr\u00e4gt der Kunde, es sei denn, es handelt sich um eine von uns fehlerhaft gelieferte Ware. Solltest du Fragen zur R\u00fccksendung haben, kontaktiere uns bitte \u00fcber das <a href=\"https:\/\/magnetarheat.com\/de\/kontakt\/\">Kontaktformular<\/a>. \u00a0<\/p>\n\n\n\n<p><\/p>\n<\/div><\/div>\n\n\n\n<p>Ist Ihre Frage nicht beantwortet? Senden Sie uns eine Nachricht \u00fcber unser <a href=\"https:\/\/magnetarheat.com\/de\/kontakt\/\">Kontaktformular<\/a>. Wir werden Ihnen dann so schnell wie m\u00f6glich antworten.<\/p>\n\n\n\n<p><\/p>\n","protected":false},"excerpt":{"rendered":"<p>Produkt Sicherheit Powerbank Nachhaltigkeit Service Ist Ihre Frage nicht beantwortet? Senden Sie uns eine Nachricht \u00fcber unser Kontaktformular. Wir werden Ihnen dann so schnell wie m\u00f6glich antworten.<\/p>\n","protected":false},"author":1,"featured_media":70779,"parent":0,"menu_order":0,"comment_status":"closed","ping_status":"closed","template":"","meta":{"inline_featured_image":false,"_monsterinsights_skip_tracking":false,"_monsterinsights_sitenote_active":false,"_monsterinsights_sitenote_note":"","_monsterinsights_sitenote_category":0,"footnotes":""},"class_list":["post-70777","page","type-page","status-publish","has-post-thumbnail","hentry"],"yoast_head":"<!-- This site is optimized with the Yoast SEO plugin v27.4 - https:\/\/yoast.com\/product\/yoast-seo-wordpress\/ -->\n<title>FAQ - Magnetar Heat<\/title>\n<meta name=\"robots\" content=\"noindex, nofollow\" \/>\n<meta property=\"og:locale\" content=\"de_DE\" \/>\n<meta property=\"og:type\" content=\"article\" \/>\n<meta property=\"og:title\" content=\"FAQ - Magnetar Heat\" \/>\n<meta property=\"og:description\" content=\"Produkt Sicherheit Powerbank Nachhaltigkeit Service Ist Ihre Frage nicht beantwortet? Senden Sie uns eine Nachricht \u00fcber unser Kontaktformular. Wir werden Ihnen dann so schnell wie m\u00f6glich antworten.\" \/>\n<meta property=\"og:url\" content=\"https:\/\/magnetarheat.com\/de\/faq\/\" \/>\n<meta property=\"og:site_name\" content=\"Magnetar Heat\" \/>\n<meta property=\"article:modified_time\" content=\"2025-04-22T10:02:35+00:00\" \/>\n<meta property=\"og:image\" content=\"https:\/\/magnetarheat.com\/wp-content\/uploads\/2021\/11\/pexels-sindre-strom-902215-scaled.jpg\" \/>\n\t<meta property=\"og:image:width\" content=\"2560\" \/>\n\t<meta property=\"og:image:height\" content=\"1707\" \/>\n\t<meta property=\"og:image:type\" content=\"image\/jpeg\" \/>\n<meta name=\"twitter:card\" content=\"summary_large_image\" \/>\n<meta name=\"twitter:label1\" content=\"Gesch\u00e4tzte Lesezeit\" \/>\n\t<meta name=\"twitter:data1\" content=\"4\u00a0Minuten\" \/>\n<script type=\"application\/ld+json\" class=\"yoast-schema-graph\">{\"@context\":\"https:\\\/\\\/schema.org\",\"@graph\":[{\"@type\":\"WebPage\",\"@id\":\"https:\\\/\\\/magnetarheat.com\\\/de\\\/faq\\\/\",\"url\":\"https:\\\/\\\/magnetarheat.com\\\/de\\\/faq\\\/\",\"name\":\"FAQ - Magnetar Heat\",\"isPartOf\":{\"@id\":\"https:\\\/\\\/magnetarheat.com\\\/de\\\/#website\"},\"primaryImageOfPage\":{\"@id\":\"https:\\\/\\\/magnetarheat.com\\\/de\\\/faq\\\/#primaryimage\"},\"image\":{\"@id\":\"https:\\\/\\\/magnetarheat.com\\\/de\\\/faq\\\/#primaryimage\"},\"thumbnailUrl\":\"https:\\\/\\\/magnetarheat.com\\\/wp-content\\\/uploads\\\/2021\\\/11\\\/pexels-sindre-strom-902215-scaled.jpg\",\"datePublished\":\"2021-11-23T12:25:38+00:00\",\"dateModified\":\"2025-04-22T10:02:35+00:00\",\"breadcrumb\":{\"@id\":\"https:\\\/\\\/magnetarheat.com\\\/de\\\/faq\\\/#breadcrumb\"},\"inLanguage\":\"de\",\"potentialAction\":[{\"@type\":\"ReadAction\",\"target\":[\"https:\\\/\\\/magnetarheat.com\\\/de\\\/faq\\\/\"]}]},{\"@type\":\"ImageObject\",\"inLanguage\":\"de\",\"@id\":\"https:\\\/\\\/magnetarheat.com\\\/de\\\/faq\\\/#primaryimage\",\"url\":\"https:\\\/\\\/magnetarheat.com\\\/wp-content\\\/uploads\\\/2021\\\/11\\\/pexels-sindre-strom-902215-scaled.jpg\",\"contentUrl\":\"https:\\\/\\\/magnetarheat.com\\\/wp-content\\\/uploads\\\/2021\\\/11\\\/pexels-sindre-strom-902215-scaled.jpg\",\"width\":2560,\"height\":1707},{\"@type\":\"BreadcrumbList\",\"@id\":\"https:\\\/\\\/magnetarheat.com\\\/de\\\/faq\\\/#breadcrumb\",\"itemListElement\":[{\"@type\":\"ListItem\",\"position\":1,\"name\":\"Startseite\",\"item\":\"https:\\\/\\\/magnetarheat.com\\\/de\\\/\"},{\"@type\":\"ListItem\",\"position\":2,\"name\":\"FAQ\"}]},{\"@type\":\"WebSite\",\"@id\":\"https:\\\/\\\/magnetarheat.com\\\/de\\\/#website\",\"url\":\"https:\\\/\\\/magnetarheat.com\\\/de\\\/\",\"name\":\"Magnetar Heat\",\"description\":\"Heated Clothing by Magnetar Heat\",\"publisher\":{\"@id\":\"https:\\\/\\\/magnetarheat.com\\\/de\\\/#organization\"},\"potentialAction\":[{\"@type\":\"SearchAction\",\"target\":{\"@type\":\"EntryPoint\",\"urlTemplate\":\"https:\\\/\\\/magnetarheat.com\\\/de\\\/?s={search_term_string}\"},\"query-input\":{\"@type\":\"PropertyValueSpecification\",\"valueRequired\":true,\"valueName\":\"search_term_string\"}}],\"inLanguage\":\"de\"},{\"@type\":\"Organization\",\"@id\":\"https:\\\/\\\/magnetarheat.com\\\/de\\\/#organization\",\"name\":\"Magnetar Heat\",\"url\":\"https:\\\/\\\/magnetarheat.com\\\/de\\\/\",\"logo\":{\"@type\":\"ImageObject\",\"inLanguage\":\"de\",\"@id\":\"https:\\\/\\\/magnetarheat.com\\\/de\\\/#\\\/schema\\\/logo\\\/image\\\/\",\"url\":\"https:\\\/\\\/magnetarheat.com\\\/wp-content\\\/uploads\\\/2022\\\/01\\\/Magnetar-Heat-Final-logo_PNG-1-2.png\",\"contentUrl\":\"https:\\\/\\\/magnetarheat.com\\\/wp-content\\\/uploads\\\/2022\\\/01\\\/Magnetar-Heat-Final-logo_PNG-1-2.png\",\"width\":500,\"height\":131,\"caption\":\"Magnetar Heat\"},\"image\":{\"@id\":\"https:\\\/\\\/magnetarheat.com\\\/de\\\/#\\\/schema\\\/logo\\\/image\\\/\"}}]}<\/script>\n<!-- \/ Yoast SEO plugin. -->","yoast_head_json":{"title":"FAQ - Magnetar Heat","robots":{"index":"noindex","follow":"nofollow"},"og_locale":"de_DE","og_type":"article","og_title":"FAQ - Magnetar Heat","og_description":"Produkt Sicherheit Powerbank Nachhaltigkeit Service Ist Ihre Frage nicht beantwortet? Senden Sie uns eine Nachricht \u00fcber unser Kontaktformular. Wir werden Ihnen dann so schnell wie m\u00f6glich antworten.","og_url":"https:\/\/magnetarheat.com\/de\/faq\/","og_site_name":"Magnetar Heat","article_modified_time":"2025-04-22T10:02:35+00:00","og_image":[{"width":2560,"height":1707,"url":"https:\/\/magnetarheat.com\/wp-content\/uploads\/2021\/11\/pexels-sindre-strom-902215-scaled.jpg","type":"image\/jpeg"}],"twitter_card":"summary_large_image","twitter_misc":{"Gesch\u00e4tzte Lesezeit":"4\u00a0Minuten"},"schema":{"@context":"https:\/\/schema.org","@graph":[{"@type":"WebPage","@id":"https:\/\/magnetarheat.com\/de\/faq\/","url":"https:\/\/magnetarheat.com\/de\/faq\/","name":"FAQ - Magnetar Heat","isPartOf":{"@id":"https:\/\/magnetarheat.com\/de\/#website"},"primaryImageOfPage":{"@id":"https:\/\/magnetarheat.com\/de\/faq\/#primaryimage"},"image":{"@id":"https:\/\/magnetarheat.com\/de\/faq\/#primaryimage"},"thumbnailUrl":"https:\/\/magnetarheat.com\/wp-content\/uploads\/2021\/11\/pexels-sindre-strom-902215-scaled.jpg","datePublished":"2021-11-23T12:25:38+00:00","dateModified":"2025-04-22T10:02:35+00:00","breadcrumb":{"@id":"https:\/\/magnetarheat.com\/de\/faq\/#breadcrumb"},"inLanguage":"de","potentialAction":[{"@type":"ReadAction","target":["https:\/\/magnetarheat.com\/de\/faq\/"]}]},{"@type":"ImageObject","inLanguage":"de","@id":"https:\/\/magnetarheat.com\/de\/faq\/#primaryimage","url":"https:\/\/magnetarheat.com\/wp-content\/uploads\/2021\/11\/pexels-sindre-strom-902215-scaled.jpg","contentUrl":"https:\/\/magnetarheat.com\/wp-content\/uploads\/2021\/11\/pexels-sindre-strom-902215-scaled.jpg","width":2560,"height":1707},{"@type":"BreadcrumbList","@id":"https:\/\/magnetarheat.com\/de\/faq\/#breadcrumb","itemListElement":[{"@type":"ListItem","position":1,"name":"Startseite","item":"https:\/\/magnetarheat.com\/de\/"},{"@type":"ListItem","position":2,"name":"FAQ"}]},{"@type":"WebSite","@id":"https:\/\/magnetarheat.com\/de\/#website","url":"https:\/\/magnetarheat.com\/de\/","name":"Magnetar Heat","description":"Heated Clothing by Magnetar Heat","publisher":{"@id":"https:\/\/magnetarheat.com\/de\/#organization"},"potentialAction":[{"@type":"SearchAction","target":{"@type":"EntryPoint","urlTemplate":"https:\/\/magnetarheat.com\/de\/?s={search_term_string}"},"query-input":{"@type":"PropertyValueSpecification","valueRequired":true,"valueName":"search_term_string"}}],"inLanguage":"de"},{"@type":"Organization","@id":"https:\/\/magnetarheat.com\/de\/#organization","name":"Magnetar Heat","url":"https:\/\/magnetarheat.com\/de\/","logo":{"@type":"ImageObject","inLanguage":"de","@id":"https:\/\/magnetarheat.com\/de\/#\/schema\/logo\/image\/","url":"https:\/\/magnetarheat.com\/wp-content\/uploads\/2022\/01\/Magnetar-Heat-Final-logo_PNG-1-2.png","contentUrl":"https:\/\/magnetarheat.com\/wp-content\/uploads\/2022\/01\/Magnetar-Heat-Final-logo_PNG-1-2.png","width":500,"height":131,"caption":"Magnetar Heat"},"image":{"@id":"https:\/\/magnetarheat.com\/de\/#\/schema\/logo\/image\/"}}]}},"_links":{"self":[{"href":"https:\/\/magnetarheat.com\/de\/wp-json\/wp\/v2\/pages\/70777","targetHints":{"allow":["GET"]}}],"collection":[{"href":"https:\/\/magnetarheat.com\/de\/wp-json\/wp\/v2\/pages"}],"about":[{"href":"https:\/\/magnetarheat.com\/de\/wp-json\/wp\/v2\/types\/page"}],"author":[{"embeddable":true,"href":"https:\/\/magnetarheat.com\/de\/wp-json\/wp\/v2\/users\/1"}],"replies":[{"embeddable":true,"href":"https:\/\/magnetarheat.com\/de\/wp-json\/wp\/v2\/comments?post=70777"}],"version-history":[{"count":0,"href":"https:\/\/magnetarheat.com\/de\/wp-json\/wp\/v2\/pages\/70777\/revisions"}],"wp:featuredmedia":[{"embeddable":true,"href":"https:\/\/magnetarheat.com\/de\/wp-json\/wp\/v2\/media\/70779"}],"wp:attachment":[{"href":"https:\/\/magnetarheat.com\/de\/wp-json\/wp\/v2\/media?parent=70777"}],"curies":[{"name":"wp","href":"https:\/\/api.w.org\/{rel}","templated":true}]}}